{"id":28527,"date":"2025-04-03T07:56:19","date_gmt":"2025-04-03T07:56:19","guid":{"rendered":"https:\/\/www.focusclinic.pl\/cennik-leczenia-zachowawczego-i-endodontycznego-w-focus-clinic\/"},"modified":"2025-07-31T08:01:33","modified_gmt":"2025-07-31T08:01:33","slug":"price-list-for-conservative-and-endodontic-treatment-at-focus-clinic","status":"publish","type":"page","link":"https:\/\/www.focusclinic.pl\/en\/price-list-for-conservative-and-endodontic-treatment-at-focus-clinic\/","title":{"rendered":"Price list for conservative and endodontic treatment at Focus Clinic"},"content":{"rendered":"","protected":false},"excerpt":{"rendered":"","protected":false},"author":1,"featured_media":0,"parent":0,"menu_order":0,"comment_status":"closed","ping_status":"closed","template":"","meta":{"_acf_changed":false,"footnotes":""},"class_list":["post-28527","page","type-page","status-publish","hentry"],"acf":[],"yoast_head":"<!-- This site is optimized with the Yoast SEO plugin v25.5 - https:\/\/yoast.com\/wordpress\/plugins\/seo\/ -->\n<title>Price list for conservative and endodontic treatment at Focus Clinic - Stomatolog Mi\u0144sk Mazowiecki | Dentysta | Gabinet stomatologiczny<\/title>\n<meta name=\"robots\" content=\"index, follow, max-snippet:-1, max-image-preview:large, max-video-preview:-1\" \/>\n<link rel=\"canonical\" href=\"https:\/\/www.focusclinic.pl\/en\/price-list-for-conservative-and-endodontic-treatment-at-focus-clinic\/\" \/>\n<meta property=\"og:locale\" content=\"en_US\" \/>\n<meta property=\"og:type\" content=\"article\" \/>\n<meta property=\"og:title\" content=\"Price list for conservative and endodontic treatment at Focus Clinic - Stomatolog Mi\u0144sk Mazowiecki | Dentysta | Gabinet stomatologiczny\" \/>\n<meta property=\"og:url\" content=\"https:\/\/www.focusclinic.pl\/en\/price-list-for-conservative-and-endodontic-treatment-at-focus-clinic\/\" \/>\n<meta property=\"og:site_name\" content=\"Stomatolog Mi\u0144sk Mazowiecki | Dentysta | Gabinet stomatologiczny\" \/>\n<meta property=\"article:publisher\" content=\"https:\/\/www.facebook.com\/focusclinic\/\" \/>\n<meta property=\"article:modified_time\" content=\"2025-07-31T08:01:33+00:00\" \/>\n<meta name=\"twitter:card\" content=\"summary_large_image\" \/>\n<script type=\"application\/ld+json\" class=\"yoast-schema-graph\">{\"@context\":\"https:\/\/schema.org\",\"@graph\":[{\"@type\":\"WebPage\",\"@id\":\"https:\/\/www.focusclinic.pl\/en\/price-list-for-conservative-and-endodontic-treatment-at-focus-clinic\/\",\"url\":\"https:\/\/www.focusclinic.pl\/en\/price-list-for-conservative-and-endodontic-treatment-at-focus-clinic\/\",\"name\":\"Price list for conservative and endodontic treatment at Focus Clinic - Stomatolog Mi\u0144sk Mazowiecki | Dentysta | Gabinet stomatologiczny\",\"isPartOf\":{\"@id\":\"https:\/\/www.focusclinic.pl\/#website\"},\"datePublished\":\"2025-04-03T07:56:19+00:00\",\"dateModified\":\"2025-07-31T08:01:33+00:00\",\"breadcrumb\":{\"@id\":\"https:\/\/www.focusclinic.pl\/en\/price-list-for-conservative-and-endodontic-treatment-at-focus-clinic\/#breadcrumb\"},\"inLanguage\":\"en-US\",\"potentialAction\":[{\"@type\":\"ReadAction\",\"target\":[\"https:\/\/www.focusclinic.pl\/en\/price-list-for-conservative-and-endodontic-treatment-at-focus-clinic\/\"]}]},{\"@type\":\"BreadcrumbList\",\"@id\":\"https:\/\/www.focusclinic.pl\/en\/price-list-for-conservative-and-endodontic-treatment-at-focus-clinic\/#breadcrumb\",\"itemListElement\":[{\"@type\":\"ListItem\",\"position\":1,\"name\":\"Strona g\u0142\u00f3wna\",\"item\":\"https:\/\/www.focusclinic.pl\/en\/strona-glowna\/\"},{\"@type\":\"ListItem\",\"position\":2,\"name\":\"Price list for conservative and endodontic treatment at Focus Clinic\"}]},{\"@type\":\"WebSite\",\"@id\":\"https:\/\/www.focusclinic.pl\/#website\",\"url\":\"https:\/\/www.focusclinic.pl\/\",\"name\":\"Focus Clinic | Dentysta | Gabinet stomatologiczny\",\"description\":\"Focus Clinic w Mi\u0144sku Mazowieckim to gabinet stomatologicznym z do\u015bwiadczon\u0105 kadr\u0105 stomatolog\u00f3w, dentys\u00f3w Zapewniamy konkurencyjne ceny\",\"publisher\":{\"@id\":\"https:\/\/www.focusclinic.pl\/#organization\"},\"potentialAction\":[{\"@type\":\"SearchAction\",\"target\":{\"@type\":\"EntryPoint\",\"urlTemplate\":\"https:\/\/www.focusclinic.pl\/?s={search_term_string}\"},\"query-input\":{\"@type\":\"PropertyValueSpecification\",\"valueRequired\":true,\"valueName\":\"search_term_string\"}}],\"inLanguage\":\"en-US\"},{\"@type\":\"Organization\",\"@id\":\"https:\/\/www.focusclinic.pl\/#organization\",\"name\":\"Focus Clinic | Dentysta | Gabinet stomatologiczny\",\"url\":\"https:\/\/www.focusclinic.pl\/\",\"logo\":{\"@type\":\"ImageObject\",\"inLanguage\":\"en-US\",\"@id\":\"https:\/\/www.focusclinic.pl\/#\/schema\/logo\/image\/\",\"url\":\"https:\/\/www.focusclinic.pl\/wp-content\/uploads\/2025\/05\/Logo-FC.D79K0nNY-scaled.png\",\"contentUrl\":\"https:\/\/www.focusclinic.pl\/wp-content\/uploads\/2025\/05\/Logo-FC.D79K0nNY-scaled.png\",\"width\":2560,\"height\":248,\"caption\":\"Focus Clinic | Dentysta | Gabinet stomatologiczny\"},\"image\":{\"@id\":\"https:\/\/www.focusclinic.pl\/#\/schema\/logo\/image\/\"},\"sameAs\":[\"https:\/\/www.facebook.com\/focusclinic\/\",\"https:\/\/www.instagram.com\/focusclinic\/\",\"https:\/\/www.youtube.com\/channel\/UCGa6FMaupT7GPiuGEq-f6zQ\"]}]}<\/script>\n<!-- \/ Yoast SEO plugin. -->","yoast_head_json":{"title":"Price list for conservative and endodontic treatment at Focus Clinic - Stomatolog Mi\u0144sk Mazowiecki | Dentysta | Gabinet stomatologiczny","robots":{"index":"index","follow":"follow","max-snippet":"max-snippet:-1","max-image-preview":"max-image-preview:large","max-video-preview":"max-video-preview:-1"},"canonical":"https:\/\/www.focusclinic.pl\/en\/price-list-for-conservative-and-endodontic-treatment-at-focus-clinic\/","og_locale":"en_US","og_type":"article","og_title":"Price list for conservative and endodontic treatment at Focus Clinic - Stomatolog Mi\u0144sk Mazowiecki | Dentysta | Gabinet stomatologiczny","og_url":"https:\/\/www.focusclinic.pl\/en\/price-list-for-conservative-and-endodontic-treatment-at-focus-clinic\/","og_site_name":"Stomatolog Mi\u0144sk Mazowiecki | Dentysta | Gabinet stomatologiczny","article_publisher":"https:\/\/www.facebook.com\/focusclinic\/","article_modified_time":"2025-07-31T08:01:33+00:00","twitter_card":"summary_large_image","schema":{"@context":"https:\/\/schema.org","@graph":[{"@type":"WebPage","@id":"https:\/\/www.focusclinic.pl\/en\/price-list-for-conservative-and-endodontic-treatment-at-focus-clinic\/","url":"https:\/\/www.focusclinic.pl\/en\/price-list-for-conservative-and-endodontic-treatment-at-focus-clinic\/","name":"Price list for conservative and endodontic treatment at Focus Clinic - Stomatolog Mi\u0144sk Mazowiecki | Dentysta | Gabinet stomatologiczny","isPartOf":{"@id":"https:\/\/www.focusclinic.pl\/#website"},"datePublished":"2025-04-03T07:56:19+00:00","dateModified":"2025-07-31T08:01:33+00:00","breadcrumb":{"@id":"https:\/\/www.focusclinic.pl\/en\/price-list-for-conservative-and-endodontic-treatment-at-focus-clinic\/#breadcrumb"},"inLanguage":"en-US","potentialAction":[{"@type":"ReadAction","target":["https:\/\/www.focusclinic.pl\/en\/price-list-for-conservative-and-endodontic-treatment-at-focus-clinic\/"]}]},{"@type":"BreadcrumbList","@id":"https:\/\/www.focusclinic.pl\/en\/price-list-for-conservative-and-endodontic-treatment-at-focus-clinic\/#breadcrumb","itemListElement":[{"@type":"ListItem","position":1,"name":"Strona g\u0142\u00f3wna","item":"https:\/\/www.focusclinic.pl\/en\/strona-glowna\/"},{"@type":"ListItem","position":2,"name":"Price list for conservative and endodontic treatment at Focus Clinic"}]},{"@type":"WebSite","@id":"https:\/\/www.focusclinic.pl\/#website","url":"https:\/\/www.focusclinic.pl\/","name":"Focus Clinic | Dentysta | Gabinet stomatologiczny","description":"Focus Clinic w Mi\u0144sku Mazowieckim to gabinet stomatologicznym z do\u015bwiadczon\u0105 kadr\u0105 stomatolog\u00f3w, dentys\u00f3w Zapewniamy konkurencyjne ceny","publisher":{"@id":"https:\/\/www.focusclinic.pl\/#organization"},"potentialAction":[{"@type":"SearchAction","target":{"@type":"EntryPoint","urlTemplate":"https:\/\/www.focusclinic.pl\/?s={search_term_string}"},"query-input":{"@type":"PropertyValueSpecification","valueRequired":true,"valueName":"search_term_string"}}],"inLanguage":"en-US"},{"@type":"Organization","@id":"https:\/\/www.focusclinic.pl\/#organization","name":"Focus Clinic | Dentysta | Gabinet stomatologiczny","url":"https:\/\/www.focusclinic.pl\/","logo":{"@type":"ImageObject","inLanguage":"en-US","@id":"https:\/\/www.focusclinic.pl\/#\/schema\/logo\/image\/","url":"https:\/\/www.focusclinic.pl\/wp-content\/uploads\/2025\/05\/Logo-FC.D79K0nNY-scaled.png","contentUrl":"https:\/\/www.focusclinic.pl\/wp-content\/uploads\/2025\/05\/Logo-FC.D79K0nNY-scaled.png","width":2560,"height":248,"caption":"Focus Clinic | Dentysta | Gabinet stomatologiczny"},"image":{"@id":"https:\/\/www.focusclinic.pl\/#\/schema\/logo\/image\/"},"sameAs":["https:\/\/www.facebook.com\/focusclinic\/","https:\/\/www.instagram.com\/focusclinic\/","https:\/\/www.youtube.com\/channel\/UCGa6FMaupT7GPiuGEq-f6zQ"]}]}},"_links":{"self":[{"href":"https:\/\/www.focusclinic.pl\/en\/wp-json\/wp\/v2\/pages\/28527","targetHints":{"allow":["GET"]}}],"collection":[{"href":"https:\/\/www.focusclinic.pl\/en\/wp-json\/wp\/v2\/pages"}],"about":[{"href":"https:\/\/www.focusclinic.pl\/en\/wp-json\/wp\/v2\/types\/page"}],"author":[{"embeddable":true,"href":"https:\/\/www.focusclinic.pl\/en\/wp-json\/wp\/v2\/users\/1"}],"replies":[{"embeddable":true,"href":"https:\/\/www.focusclinic.pl\/en\/wp-json\/wp\/v2\/comments?post=28527"}],"version-history":[{"count":3,"href":"https:\/\/www.focusclinic.pl\/en\/wp-json\/wp\/v2\/pages\/28527\/revisions"}],"predecessor-version":[{"id":28624,"href":"https:\/\/www.focusclinic.pl\/en\/wp-json\/wp\/v2\/pages\/28527\/revisions\/28624"}],"wp:attachment":[{"href":"https:\/\/www.focusclinic.pl\/en\/wp-json\/wp\/v2\/media?parent=28527"}],"curies":[{"name":"wp","href":"https:\/\/api.w.org\/{rel}","templated":true}]}}